{"id":1094,"date":"2024-09-29T16:33:26","date_gmt":"2024-09-29T16:33:26","guid":{"rendered":"https:\/\/solnaciente.com.ec\/?post_type=product&#038;p=1094"},"modified":"2024-10-05T21:59:09","modified_gmt":"2024-10-05T21:59:09","slug":"lampara-de-plafon","status":"publish","type":"product","link":"https:\/\/solnaciente.com.ec\/?product=lampara-de-plafon","title":{"rendered":"L\u00e1mpara de Plaf\u00f3n C\u00f3digo: 1039"},"content":{"rendered":"","protected":false},"excerpt":{"rendered":"<p>Luz blanca, amarilla y combinada<\/p>\n<p>C\u00f3digo: 1039<\/p>\n<ul>\n<li>Plaf\u00f3n Led<\/li>\n<li>Color: Gris<\/li>\n<li>Material: Pl\u00e1stico \/ Lata<\/li>\n<li>Potencia: 24w<\/li>\n<li>Voltaje: 180v-240v<\/li>\n<li>Dimensiones (cm): 40 (Di\u00e1metro) x 10 (Alto)<\/li>\n<li>Garant\u00eda de f\u00e1brica: 1 a\u00f1o<\/li>\n<\/ul>\n","protected":false},"featured_media":1095,"comment_status":"closed","ping_status":"closed","template":"","meta":[],"product_cat":[124,120],"product_tag":[],"class_list":{"0":"post-1094","1":"product","2":"type-product","3":"status-publish","4":"has-post-thumbnail","6":"product_cat-de-plafon","7":"product_cat-lampara","9":"first","10":"instock","11":"shipping-taxable","12":"product-type-simple"},"_links":{"self":[{"href":"https:\/\/solnaciente.com.ec\/index.php?rest_route=\/wp\/v2\/product\/1094","targetHints":{"allow":["GET"]}}],"collection":[{"href":"https:\/\/solnaciente.com.ec\/index.php?rest_route=\/wp\/v2\/product"}],"about":[{"href":"https:\/\/solnaciente.com.ec\/index.php?rest_route=\/wp\/v2\/types\/product"}],"replies":[{"embeddable":true,"href":"https:\/\/solnaciente.com.ec\/index.php?rest_route=%2Fwp%2Fv2%2Fcomments&post=1094"}],"version-history":[{"count":3,"href":"https:\/\/solnaciente.com.ec\/index.php?rest_route=\/wp\/v2\/product\/1094\/revisions"}],"predecessor-version":[{"id":1194,"href":"https:\/\/solnaciente.com.ec\/index.php?rest_route=\/wp\/v2\/product\/1094\/revisions\/1194"}],"wp:featuredmedia":[{"embeddable":true,"href":"https:\/\/solnaciente.com.ec\/index.php?rest_route=\/wp\/v2\/media\/1095"}],"wp:attachment":[{"href":"https:\/\/solnaciente.com.ec\/index.php?rest_route=%2Fwp%2Fv2%2Fmedia&parent=1094"}],"wp:term":[{"taxonomy":"product_cat","embeddable":true,"href":"https:\/\/solnaciente.com.ec\/index.php?rest_route=%2Fwp%2Fv2%2Fproduct_cat&post=1094"},{"taxonomy":"product_tag","embeddable":true,"href":"https:\/\/solnaciente.com.ec\/index.php?rest_route=%2Fwp%2Fv2%2Fproduct_tag&post=1094"}],"curies":[{"name":"wp","href":"https:\/\/api.w.org\/{rel}","templated":true}]}}