{"id":1103,"date":"2024-09-29T17:05:18","date_gmt":"2024-09-29T17:05:18","guid":{"rendered":"https:\/\/solnaciente.com.ec\/?post_type=product&#038;p=1103"},"modified":"2024-09-29T17:12:04","modified_gmt":"2024-09-29T17:12:04","slug":"lampara-de-plafon-codigo-1030","status":"publish","type":"product","link":"https:\/\/solnaciente.com.ec\/?product=lampara-de-plafon-codigo-1030","title":{"rendered":"L\u00e1mpara de Plaf\u00f3n C\u00f3digo: 1030"},"content":{"rendered":"","protected":false},"excerpt":{"rendered":"<p>Luz blanca, amarilla y combinada<\/p>\n<p>C\u00f3digo: 1030<\/p>\n<ul>\n<li>Plaf\u00f3n Led<\/li>\n<li>Color: Dorado<\/li>\n<li>Material: Pl\u00e1stico \/ Lata<\/li>\n<li>Potencia: 24w<\/li>\n<li>Voltaje: 180v-240v<\/li>\n<li>Dimensiones (cm): 40 (Di\u00e1metro) x 10 (Alto)<\/li>\n<li>Garant\u00eda de f\u00e1brica: 1 a\u00f1o<\/li>\n<\/ul>\n","protected":false},"featured_media":1104,"comment_status":"closed","ping_status":"closed","template":"","meta":[],"product_cat":[124,120],"product_tag":[],"class_list":{"0":"post-1103","1":"product","2":"type-product","3":"status-publish","4":"has-post-thumbnail","6":"product_cat-de-plafon","7":"product_cat-lampara","9":"first","10":"instock","11":"shipping-taxable","12":"product-type-simple"},"_links":{"self":[{"href":"https:\/\/solnaciente.com.ec\/index.php?rest_route=\/wp\/v2\/product\/1103","targetHints":{"allow":["GET"]}}],"collection":[{"href":"https:\/\/solnaciente.com.ec\/index.php?rest_route=\/wp\/v2\/product"}],"about":[{"href":"https:\/\/solnaciente.com.ec\/index.php?rest_route=\/wp\/v2\/types\/product"}],"replies":[{"embeddable":true,"href":"https:\/\/solnaciente.com.ec\/index.php?rest_route=%2Fwp%2Fv2%2Fcomments&post=1103"}],"version-history":[{"count":1,"href":"https:\/\/solnaciente.com.ec\/index.php?rest_route=\/wp\/v2\/product\/1103\/revisions"}],"predecessor-version":[{"id":1110,"href":"https:\/\/solnaciente.com.ec\/index.php?rest_route=\/wp\/v2\/product\/1103\/revisions\/1110"}],"wp:featuredmedia":[{"embeddable":true,"href":"https:\/\/solnaciente.com.ec\/index.php?rest_route=\/wp\/v2\/media\/1104"}],"wp:attachment":[{"href":"https:\/\/solnaciente.com.ec\/index.php?rest_route=%2Fwp%2Fv2%2Fmedia&parent=1103"}],"wp:term":[{"taxonomy":"product_cat","embeddable":true,"href":"https:\/\/solnaciente.com.ec\/index.php?rest_route=%2Fwp%2Fv2%2Fproduct_cat&post=1103"},{"taxonomy":"product_tag","embeddable":true,"href":"https:\/\/solnaciente.com.ec\/index.php?rest_route=%2Fwp%2Fv2%2Fproduct_tag&post=1103"}],"curies":[{"name":"wp","href":"https:\/\/api.w.org\/{rel}","templated":true}]}}