{"id":1181,"date":"2024-10-05T20:49:24","date_gmt":"2024-10-05T20:49:24","guid":{"rendered":"https:\/\/solnaciente.com.ec\/?post_type=product&#038;p=1181"},"modified":"2024-10-05T22:01:26","modified_gmt":"2024-10-05T22:01:26","slug":"lampara-ventilador-led-de-tumbado-de-50w","status":"publish","type":"product","link":"https:\/\/solnaciente.com.ec\/?product=lampara-ventilador-led-de-tumbado-de-50w","title":{"rendered":"L\u00e1mpara Ventilador Led de tumbado de 50W C\u00f3digo: 77130-52"},"content":{"rendered":"","protected":false},"excerpt":{"rendered":"<p>Luz blanca, amarilla y combinada<\/p>\n<p>C\u00f3digo: 77130-52<\/p>\n<ul>\n<li>6 Ajustes de velocidad ventilador<\/li>\n<li>Color: negro con dorado<\/li>\n<li>Dimensiones (cm): 64*57*32cm<\/li>\n<li>Potencia: 50W<\/li>\n<li>Garant\u00eda de f\u00e1brica: 1 a\u00f1o<\/li>\n<\/ul>\n","protected":false},"featured_media":1182,"comment_status":"closed","ping_status":"closed","template":"","meta":[],"product_cat":[120],"product_tag":[],"class_list":{"0":"post-1181","1":"product","2":"type-product","3":"status-publish","4":"has-post-thumbnail","6":"product_cat-lampara","8":"first","9":"instock","10":"shipping-taxable","11":"product-type-simple"},"_links":{"self":[{"href":"https:\/\/solnaciente.com.ec\/index.php?rest_route=\/wp\/v2\/product\/1181","targetHints":{"allow":["GET"]}}],"collection":[{"href":"https:\/\/solnaciente.com.ec\/index.php?rest_route=\/wp\/v2\/product"}],"about":[{"href":"https:\/\/solnaciente.com.ec\/index.php?rest_route=\/wp\/v2\/types\/product"}],"replies":[{"embeddable":true,"href":"https:\/\/solnaciente.com.ec\/index.php?rest_route=%2Fwp%2Fv2%2Fcomments&post=1181"}],"version-history":[{"count":2,"href":"https:\/\/solnaciente.com.ec\/index.php?rest_route=\/wp\/v2\/product\/1181\/revisions"}],"predecessor-version":[{"id":1195,"href":"https:\/\/solnaciente.com.ec\/index.php?rest_route=\/wp\/v2\/product\/1181\/revisions\/1195"}],"wp:featuredmedia":[{"embeddable":true,"href":"https:\/\/solnaciente.com.ec\/index.php?rest_route=\/wp\/v2\/media\/1182"}],"wp:attachment":[{"href":"https:\/\/solnaciente.com.ec\/index.php?rest_route=%2Fwp%2Fv2%2Fmedia&parent=1181"}],"wp:term":[{"taxonomy":"product_cat","embeddable":true,"href":"https:\/\/solnaciente.com.ec\/index.php?rest_route=%2Fwp%2Fv2%2Fproduct_cat&post=1181"},{"taxonomy":"product_tag","embeddable":true,"href":"https:\/\/solnaciente.com.ec\/index.php?rest_route=%2Fwp%2Fv2%2Fproduct_tag&post=1181"}],"curies":[{"name":"wp","href":"https:\/\/api.w.org\/{rel}","templated":true}]}}