{"id":1185,"date":"2024-10-05T21:39:05","date_gmt":"2024-10-05T21:39:05","guid":{"rendered":"https:\/\/solnaciente.com.ec\/?post_type=product&#038;p=1185"},"modified":"2024-10-05T21:45:19","modified_gmt":"2024-10-05T21:45:19","slug":"lampara-led-de-tumbado-de-120w-codigo-773006-ne","status":"publish","type":"product","link":"https:\/\/solnaciente.com.ec\/?product=lampara-led-de-tumbado-de-120w-codigo-773006-ne","title":{"rendered":"L\u00e1mpara Led de tumbado de 120W C\u00f3digo: 773006\/NE"},"content":{"rendered":"","protected":false},"excerpt":{"rendered":"<p>Luz blanca, amarilla y combinada<\/p>\n<p>C\u00f3digo: 773006\/NE<\/p>\n<ul>\n<li>L\u00e1mpara de techo<\/li>\n<li>Material: Aluminio, Acr\u00edlico.<\/li>\n<li>Tipo de luz led<\/li>\n<li>Potencia: 120W<\/li>\n<li>Dimensiones (cm): 20*40*60CM<\/li>\n<li>Acabado color: Negro<\/li>\n<li>Garant\u00eda de f\u00e1brica: 1 a\u00f1o<\/li>\n<\/ul>\n","protected":false},"featured_media":1186,"comment_status":"closed","ping_status":"closed","template":"","meta":[],"product_cat":[120],"product_tag":[],"class_list":{"0":"post-1185","1":"product","2":"type-product","3":"status-publish","4":"has-post-thumbnail","6":"product_cat-lampara","8":"first","9":"instock","10":"shipping-taxable","11":"product-type-simple"},"_links":{"self":[{"href":"https:\/\/solnaciente.com.ec\/index.php?rest_route=\/wp\/v2\/product\/1185","targetHints":{"allow":["GET"]}}],"collection":[{"href":"https:\/\/solnaciente.com.ec\/index.php?rest_route=\/wp\/v2\/product"}],"about":[{"href":"https:\/\/solnaciente.com.ec\/index.php?rest_route=\/wp\/v2\/types\/product"}],"replies":[{"embeddable":true,"href":"https:\/\/solnaciente.com.ec\/index.php?rest_route=%2Fwp%2Fv2%2Fcomments&post=1185"}],"version-history":[{"count":2,"href":"https:\/\/solnaciente.com.ec\/index.php?rest_route=\/wp\/v2\/product\/1185\/revisions"}],"predecessor-version":[{"id":1189,"href":"https:\/\/solnaciente.com.ec\/index.php?rest_route=\/wp\/v2\/product\/1185\/revisions\/1189"}],"wp:featuredmedia":[{"embeddable":true,"href":"https:\/\/solnaciente.com.ec\/index.php?rest_route=\/wp\/v2\/media\/1186"}],"wp:attachment":[{"href":"https:\/\/solnaciente.com.ec\/index.php?rest_route=%2Fwp%2Fv2%2Fmedia&parent=1185"}],"wp:term":[{"taxonomy":"product_cat","embeddable":true,"href":"https:\/\/solnaciente.com.ec\/index.php?rest_route=%2Fwp%2Fv2%2Fproduct_cat&post=1185"},{"taxonomy":"product_tag","embeddable":true,"href":"https:\/\/solnaciente.com.ec\/index.php?rest_route=%2Fwp%2Fv2%2Fproduct_tag&post=1185"}],"curies":[{"name":"wp","href":"https:\/\/api.w.org\/{rel}","templated":true}]}}